{"id":18,"date":"2019-04-25T13:05:14","date_gmt":"2019-04-25T13:05:14","guid":{"rendered":"http:\/\/localhost\/yootheme_pro\/2019\/Makai\/Website_WP\/index.php\/getting-started\/"},"modified":"2019-09-24T12:32:02","modified_gmt":"2019-09-24T10:32:02","slug":"getting-started","status":"publish","type":"page","link":"https:\/\/www.urheiluhierojasami.fi\/","title":{"rendered":"Home"},"content":{"rendered":"<h2>Monipuoliset palvelut urheilun tukemiseen<\/h2>\n<div>Raumalla ja l\u00e4hialueilla<\/div>\n<div>Palveluni<\/div>\n<h2>Monipuolista ja yksil\u00f6llist\u00e4 kehonhoitoa<\/h2>\n<ul>\n<li>\n<p>        <a href=\"index.php?page_id=23\"><img src=\"wp-content\/uploads\/2_sm_hero.jpg\" alt=\"\"><\/a><\/p>\n<p><img src=\"wp-content\/uploads\/home-services-overlay3.svg\" alt=\"\"><\/p>\n<h4>Klassinen hieronta<\/h4>\n<\/li>\n<li>\n<p>        <a href=\"index.php?page_id=23\"><img src=\"wp-content\/uploads\/3_sm_hero.jpg\" alt=\"\"><\/a><\/p>\n<p><img src=\"wp-content\/uploads\/home-services-overlay3.svg\" alt=\"\"><\/p>\n<h4>Urheiluhieronta<\/h4>\n<\/li>\n<li>\n<p>        <a href=\"index.php?page_id=23\"><img src=\"wp-content\/uploads\/4_sm_hero.jpg\" alt=\"\"><\/a><\/p>\n<p><img src=\"wp-content\/uploads\/home-services-overlay3.svg\" alt=\"\"><\/p>\n<h4>Nivelmobilisointi<\/h4>\n<\/li>\n<li>\n<p>        <a href=\"index.php?page_id=23\"><img src=\"wp-content\/uploads\/5_sm_hero.jpg\" alt=\"\"><\/a><\/p>\n<p><img src=\"wp-content\/uploads\/home-services-overlay3.svg\" alt=\"\"><\/p>\n<h4>Venytykset<\/h4>\n<\/li>\n<\/ul>\n<div>Urheiluhieroja<\/div>\n<h2>Sami Isoheiko<\/h2>\n<div>\n<p>Koulutettuna hierojana minulla on paras tiet\u00e4mys kehosi mahdollisista ongelmatilanteista. Pyrin saamaan kehosi normaaliin tilaan hieronnan, nivelten mobilisoinnin ja venyttelyn avulla.<\/p>\n<p>Otan jokaisen vastaan yksil\u00f6n\u00e4 ja kartoitan kehonhuoltosi tarpeet huolella ja laadukkaasti.<\/p>\n<p>Vastaanottoni sijaitsee P\u00e4iv\u00e4senkadulla Raumalla, mutta teen my\u00f6s kotik\u00e4yntej\u00e4 l\u00e4hialueille.<\/p>\n<\/div>\n<ul>\n<li>\n<p>        <img src=\"wp-content\/uploads\/man_1.jpg\" alt=\"\"><\/p>\n<\/li>\n<li>\n<p>        <img src=\"wp-content\/uploads\/man_2.jpg\" alt=\"\"><\/p>\n<\/li>\n<li>\n<p>        <img src=\"wp-content\/uploads\/man_3.jpg\" alt=\"\"><\/p>\n<\/li>\n<\/ul>\n<p>\n    <a href=\"index.php?page_id=23\">Hinnasto &#038; ajanvaraus<\/a>\n<\/p>\n<p><img src=\"wp-content\/uploads\/lahjakortti.png\" alt=\"\"><\/p>\n<h2>Lahjakortit<\/h2>\n<div>\n<p>T\u00e4m\u00e4 lahjakortti sopii kaikille, joista sin\u00e4 v\u00e4lit\u00e4t!<\/p>\n<p>Sin\u00e4 p\u00e4\u00e4t\u00e4t lahjan sis\u00e4ll\u00f6st\u00e4 ja min\u00e4 huolehdin tyytyv\u00e4isyydest\u00e4. Ajanvaraukset voi tehd\u00e4 yll\u00e4tyksen\u00e4 ennakkoon lahjakortin oston yhteydess\u00e4 tai lahjakortin saaja voi sopia ajan my\u00f6hemmin.<\/p>\n<p>Lahjakortit ovat voimassa vuoden myyntip\u00e4iv\u00e4st\u00e4.<\/p>\n<\/div>\n<p><!-- {\"type\":\"layout\",\"children\":[{\"type\":\"section\",\"props\":{\"style\":\"default\",\"width\":\"xsmall\",\"vertical_align\":\"middle\",\"title_position\":\"bottom-right\",\"title_rotation\":\"left\",\"title_breakpoint\":\"xl\",\"image_position\":\"top-center\",\"text_color\":\"light\",\"width_expand\":\"\",\"height\":\"full\",\"padding\":\"large\",\"header_transparent\":\"light\",\"animation\":\"\",\"image\":\"wp-content\\\/uploads\\\/1_hero.jpg\",\"padding_remove_top\":false,\"image_size\":\"cover\",\"image_effect\":\"parallax\",\"image_parallax_breakpoint\":\"\",\"image_visibility\":\"\",\"video_width\":\"\",\"video_height\":\"\",\"media_blend_mode\":\"\",\"image_width\":\"2560\",\"overlap\":false,\"header_transparent_noplaceholder\":false,\"title\":\"Urheiluhierontaa\",\"image_height\":\"\",\"image_parallax_bgy_start\":\"-5vh\",\"image_parallax_bgy_end\":\"4vh\",\"padding_remove_bottom\":false},\"children\":[{\"type\":\"row\",\"props\":{\"layout\":\"1-1\",\"breakpoint\":\"m\",\"fixed_width\":\"large\",\"gutter\":\"\",\"width\":\"\",\"width_expand\":\"\",\"height\":\"\",\"margin\":\"\"},\"children\":[{\"type\":\"column\",\"props\":{\"widths\":[\"1-1\"],\"image_position\":\"center-center\",\"media_overlay_gradient\":\"\",\"vertical_align\":\"\",\"style\":\"\",\"text_color\":\"\",\"padding\":\"\"},\"children\":[{\"type\":\"headline\",\"props\":{\"title_element\":\"h2\",\"title_style\":\"heading-small\",\"title_decoration\":\"\",\"title_color\":\"\",\"position\":\"\",\"position_z_index\":\"\",\"margin\":\"\",\"maxwidth\":\"\",\"maxwidth_breakpoint\":\"\",\"text_align\":\"center\",\"text_align_breakpoint\":\"\",\"text_align_fallback\":\"\",\"animation\":\"\",\"visibility\":\"\",\"content\":\"Monipuoliset palvelut urheilun tukemiseen\",\"block_align\":\"\",\"block_align_breakpoint\":\"\",\"block_align_fallback\":\"\",\"title_font_family\":\"\"}},{\"type\":\"divider\",\"props\":{\"divider_element\":\"div\",\"divider_style\":\"vertical\",\"divider_align\":\"\",\"divider_align_breakpoint\":\"\",\"divider_align_fallback\":\"\",\"position\":\"\",\"position_z_index\":\"\",\"margin\":\"\",\"maxwidth\":\"\",\"maxwidth_breakpoint\":\"\",\"animation\":\"\",\"visibility\":\"\",\"block_align\":\"\",\"block_align_breakpoint\":\"\",\"block_align_fallback\":\"\"}},{\"type\":\"headline\",\"props\":{\"title_element\":\"div\",\"title_style\":\"h2\",\"title_decoration\":\"\",\"title_color\":\"\",\"position\":\"\",\"position_z_index\":\"\",\"margin\":\"default\",\"maxwidth\":\"\",\"maxwidth_breakpoint\":\"\",\"block_align\":\"\",\"block_align_breakpoint\":\"\",\"block_align_fallback\":\"\",\"text_align\":\"center\",\"text_align_breakpoint\":\"\",\"text_align_fallback\":\"\",\"animation\":\"\",\"visibility\":\"\",\"content\":\"Raumalla ja l\\u00e4hialueilla\",\"css\":\".el-element { \\n    text-transform: none;\\n    font-size: 30px;\\n}\",\"title_font_family\":\"tertiary\"}}]}]}],\"name\":\"Hero\"},{\"type\":\"section\",\"props\":{\"style\":\"default\",\"width\":\"default\",\"vertical_align\":\"middle\",\"title_position\":\"center-left\",\"title_rotation\":\"left\",\"title_breakpoint\":\"xl\",\"image_position\":\"top-right\",\"text_color\":\"\",\"width_expand\":\"right\",\"height\":\"\",\"padding\":\"small\",\"header_transparent\":\"\",\"animation\":\"\",\"title\":\"For Beginners and Experts\",\"padding_remove_top\":false,\"image\":\"wp-content\\\/uploads\\\/circle-bg-02.svg\",\"image_size\":\"\",\"image_effect\":\"parallax\",\"image_parallax_breakpoint\":\"s\",\"image_visibility\":\"s\",\"video_width\":\"\",\"video_height\":\"\",\"media_blend_mode\":\"\",\"image_width\":\"\",\"image_parallax_bgy_start\":\"-20vh\",\"image_parallax_bgy_end\":\"-80vh\",\"padding_remove_bottom\":true},\"children\":[{\"type\":\"row\",\"props\":{\"layout\":\"1-1\",\"breakpoint\":\"m\",\"fixed_width\":\"large\",\"gutter\":\"\",\"width\":\"\",\"width_expand\":\"\",\"height\":\"\",\"margin\":\"\",\"margin_remove_top\":false,\"margin_remove_bottom\":true},\"children\":[{\"type\":\"column\",\"props\":{\"widths\":[\"1-1\"],\"image_position\":\"center-center\",\"media_overlay_gradient\":\"\",\"vertical_align\":\"\",\"style\":\"\",\"text_color\":\"\",\"padding\":\"\"},\"children\":[{\"type\":\"headline\",\"props\":{\"title_element\":\"div\",\"title_style\":\"h3\",\"title_decoration\":\"\",\"title_color\":\"\",\"position\":\"\",\"position_z_index\":\"\",\"margin\":\"small\",\"maxwidth\":\"\",\"maxwidth_breakpoint\":\"\",\"block_align\":\"\",\"block_align_breakpoint\":\"\",\"block_align_fallback\":\"\",\"text_align\":\"\",\"text_align_breakpoint\":\"\",\"text_align_fallback\":\"\",\"animation\":\"\",\"visibility\":\"\",\"content\":\"Palveluni\",\"css\":\"\",\"margin_remove_bottom\":false,\"title_font_family\":\"tertiary\"}},{\"type\":\"headline\",\"props\":{\"title_element\":\"h2\",\"title_style\":\"heading-small\",\"title_decoration\":\"\",\"title_color\":\"\",\"position\":\"\",\"position_z_index\":\"\",\"margin\":\"small\",\"maxwidth\":\"xxlarge\",\"maxwidth_breakpoint\":\"\",\"text_align\":\"\",\"text_align_breakpoint\":\"\",\"text_align_fallback\":\"\",\"animation\":\"\",\"visibility\":\"\",\"content\":\"Monipuolista ja yksil\\u00f6llist\\u00e4 kehonhoitoa\",\"margin_remove_bottom\":false,\"margin_remove_top\":false,\"block_align\":\"\",\"block_align_breakpoint\":\"\",\"block_align_fallback\":\"\",\"title_font_family\":\"\"}}]}]},{\"type\":\"row\",\"props\":{\"layout\":\"1-1\",\"breakpoint\":\"s\",\"fixed_width\":\"large\",\"gutter\":\"small\",\"width\":\"\",\"width_expand\":\"\",\"height\":\"\",\"margin\":\"large\",\"margin_remove_bottom\":false},\"children\":[{\"type\":\"column\",\"props\":{\"widths\":[\"1-1\"],\"image_position\":\"center-center\",\"media_overlay_gradient\":\"\",\"vertical_align\":\"\",\"style\":\"\",\"text_color\":\"\",\"padding\":\"\"},\"children\":[{\"type\":\"gallery\",\"props\":{\"show_title\":true,\"show_meta\":true,\"show_content\":true,\"show_link\":true,\"show_hover_image\":true,\"grid_default\":\"1\",\"grid_medium\":\"4\",\"filter_style\":\"tab\",\"filter_all\":true,\"filter_position\":\"top\",\"filter_align\":\"left\",\"filter_grid_width\":\"auto\",\"filter_breakpoint\":\"m\",\"overlay_mode\":\"cover\",\"overlay_hover\":true,\"overlay_style\":\"overlay-primary\",\"text_color\":\"light\",\"overlay_position\":\"center\",\"overlay_transition\":\"fade\",\"title_element\":\"h4\",\"meta_style\":\"meta\",\"meta_align\":\"below-title\",\"link_text\":\"Read more\",\"link_style\":\"default\",\"text_align\":\"center\",\"margin\":\"default\",\"item_animation\":\"\",\"gutter\":\"small\",\"grid_small\":\"2\",\"grid_large\":\"\",\"grid_xlarge\":\"\",\"filter_margin\":\"\",\"filter_gutter\":\"\",\"title_display\":\"\",\"content_display\":\"\",\"item_maxwidth\":\"\",\"overlay_padding\":\"\",\"overlay_margin\":\"\",\"overlay_maxwidth\":\"\",\"image_transition\":\"\",\"image_box_shadow\":\"\",\"image_hover_box_shadow\":\"\",\"image_box_decoration\":\"\",\"title_transition\":\"\",\"title_style\":\"\",\"title_decoration\":\"\",\"title_color\":\"\",\"title_margin\":\"\",\"meta_transition\":\"\",\"meta_color\":\"\",\"meta_margin\":\"\",\"content_transition\":\"\",\"content_style\":\"\",\"content_margin\":\"\",\"link_type\":\"element\",\"link_transition\":\"\",\"link_size\":\"\",\"link_margin\":\"\",\"position\":\"\",\"position_z_index\":\"\",\"maxwidth\":\"\",\"maxwidth_breakpoint\":\"\",\"block_align\":\"\",\"block_align_breakpoint\":\"\",\"block_align_fallback\":\"\",\"text_align_breakpoint\":\"\",\"text_align_fallback\":\"\",\"visibility\":\"\",\"css\":\".el-element .el-item > :nth-child(2) { z-index: 1; }\",\"image_width\":\"610\",\"class\":\"\",\"title_font_family\":\"\"},\"children\":[{\"type\":\"gallery_item\",\"props\":{\"text_color\":\"\",\"image\":\"wp-content\\\/uploads\\\/2_sm_hero.jpg\",\"title\":\"Klassinen hieronta\",\"link\":\"index.php?page_id=23\",\"hover_image\":\"wp-content\\\/uploads\\\/home-services-overlay3.svg\"}},{\"type\":\"gallery_item\",\"props\":{\"text_color\":\"\",\"image\":\"wp-content\\\/uploads\\\/3_sm_hero.jpg\",\"title\":\"Urheiluhieronta\",\"link\":\"index.php?page_id=23\",\"hover_image\":\"wp-content\\\/uploads\\\/home-services-overlay3.svg\"}},{\"type\":\"gallery_item\",\"props\":{\"text_color\":\"\",\"image\":\"wp-content\\\/uploads\\\/4_sm_hero.jpg\",\"title\":\"Nivelmobilisointi\",\"hover_image\":\"wp-content\\\/uploads\\\/home-services-overlay3.svg\",\"link\":\"index.php?page_id=23\"}},{\"type\":\"gallery_item\",\"props\":{\"text_color\":\"\",\"image\":\"wp-content\\\/uploads\\\/5_sm_hero.jpg\",\"title\":\"Venytykset\",\"hover_image\":\"wp-content\\\/uploads\\\/home-services-overlay3.svg\",\"link\":\"index.php?page_id=23\"}}]}]}]}],\"name\":\"Palvelut\"},{\"type\":\"section\",\"props\":{\"style\":\"default\",\"width\":\"\",\"vertical_align\":\"middle\",\"title_position\":\"top-left\",\"title_rotation\":\"left\",\"title_breakpoint\":\"xl\",\"image_position\":\"center-center\",\"text_color\":\"\",\"width_expand\":\"\",\"height\":\"\",\"padding\":\"large\",\"header_transparent\":\"\",\"animation\":\"\",\"padding_remove_bottom\":false,\"padding_remove_top\":false},\"children\":[{\"type\":\"row\",\"props\":{\"layout\":\",2-3\",\"breakpoint\":\"s\",\"fixed_width\":\"xxlarge\",\"gutter\":\"collapse\",\"width\":\"\",\"width_expand\":\"\",\"height\":\"\",\"margin\":\"\",\"margin_remove_top\":false,\"margin_remove_bottom\":false,\"order_last\":false,\"match\":false},\"children\":[{\"type\":\"column\",\"props\":{\"widths\":[\"\"],\"image_position\":\"center-center\",\"media_overlay_gradient\":\"\",\"vertical_align\":\"\",\"style\":\"default\",\"text_color\":\"\",\"padding\":\"none\",\"image\":\"wp-content\\\/uploads\\\/vesi.jpg\",\"image_size\":\"cover\",\"image_effect\":\"parallax\",\"image_parallax_breakpoint\":\"\",\"image_visibility\":\"\",\"media_blend_mode\":\"\",\"image_width\":\"860\",\"css\":\"\",\"image_parallax_bgy_start\":\"2vh\",\"image_parallax_bgy_end\":\"-5vh\"},\"children\":[]},{\"type\":\"column\",\"props\":{\"widths\":[\"2-3\"],\"image_position\":\"bottom-right\",\"media_overlay_gradient\":\"\",\"vertical_align\":\"middle\",\"style\":\"secondary\",\"text_color\":\"\",\"padding\":\"large\",\"css\":\"\",\"preserve_color\":false,\"image\":\"wp-content\\\/uploads\\\/badge-bg-4.svg\",\"image_size\":\"\",\"image_effect\":\"parallax\",\"image_parallax_breakpoint\":\"s\",\"image_visibility\":\"s\",\"media_blend_mode\":\"\",\"image_width\":\"\",\"image_parallax_bgx_start\":\"120\",\"image_parallax_bgy_start\":\"100\",\"image_parallax_bgy_end\":\"-50\",\"image_parallax_bgx_end\":\"120\"},\"children\":[{\"type\":\"headline\",\"props\":{\"title_element\":\"div\",\"title_style\":\"h3\",\"title_decoration\":\"\",\"title_color\":\"\",\"position\":\"\",\"position_z_index\":\"\",\"margin\":\"\",\"maxwidth\":\"xlarge\",\"maxwidth_breakpoint\":\"\",\"block_align\":\"center\",\"block_align_breakpoint\":\"\",\"block_align_fallback\":\"center\",\"text_align\":\"left\",\"text_align_breakpoint\":\"m\",\"text_align_fallback\":\"center\",\"animation\":\"\",\"visibility\":\"\",\"css\":\"\",\"content\":\"Urheiluhieroja\",\"margin_remove_bottom\":true,\"title_font_family\":\"tertiary\"}},{\"type\":\"headline\",\"props\":{\"title_element\":\"h2\",\"title_style\":\"heading-small\",\"title_decoration\":\"\",\"title_color\":\"\",\"position\":\"\",\"position_z_index\":\"\",\"margin\":\"small\",\"maxwidth\":\"xlarge\",\"maxwidth_breakpoint\":\"\",\"text_align\":\"left\",\"text_align_breakpoint\":\"m\",\"text_align_fallback\":\"center\",\"animation\":\"\",\"visibility\":\"\",\"content\":\"Sami Isoheiko\",\"block_align\":\"center\",\"block_align_breakpoint\":\"m\",\"block_align_fallback\":\"center\",\"title_font_family\":\"\"}},{\"type\":\"text\",\"props\":{\"margin\":\"default\",\"column_breakpoint\":\"m\",\"text_style\":\"\",\"text_color\":\"\",\"text_size\":\"\",\"column\":\"\",\"position\":\"\",\"position_z_index\":\"\",\"maxwidth\":\"xlarge\",\"maxwidth_breakpoint\":\"\",\"text_align\":\"left\",\"text_align_breakpoint\":\"m\",\"text_align_fallback\":\"center\",\"animation\":\"\",\"visibility\":\"\",\"content\":\"\n\n<p>Koulutettuna hierojana minulla on paras tiet\\u00e4mys kehosi mahdollisista ongelmatilanteista. Pyrin saamaan kehosi normaaliin tilaan hieronnan, nivelten mobilisoinnin ja venyttelyn avulla.<\\\/p>\\n\n\n<p>Otan jokaisen vastaan yksil\\u00f6n\\u00e4 ja kartoitan kehonhuoltosi tarpeet huolella ja laadukkaasti.<\\\/p>\\n\n\n<p>Vastaanottoni sijaitsee P\\u00e4iv\\u00e4senkadulla Raumalla, mutta teen my\\u00f6s kotik\\u00e4yntej\\u00e4 l\\u00e4hialueille.<\\\/p>\",\"margin_remove_top\":false,\"block_align\":\"center\",\"block_align_breakpoint\":\"m\",\"block_align_fallback\":\"center\"}},{\"type\":\"gallery\",\"props\":{\"show_title\":true,\"show_meta\":true,\"show_content\":true,\"show_link\":true,\"show_hover_image\":true,\"grid_default\":\"3\",\"grid_medium\":\"\",\"filter_style\":\"tab\",\"filter_all\":true,\"filter_position\":\"top\",\"filter_align\":\"left\",\"filter_grid_width\":\"auto\",\"filter_breakpoint\":\"m\",\"overlay_mode\":\"cover\",\"overlay_hover\":true,\"overlay_style\":\"\",\"text_color\":\"\",\"overlay_position\":\"center\",\"overlay_transition\":\"fade\",\"title_element\":\"h3\",\"meta_style\":\"meta\",\"meta_align\":\"below-title\",\"link_text\":\"Read more\",\"link_style\":\"default\",\"text_align\":\"center\",\"margin\":\"large\",\"item_animation\":\"\",\"gutter\":\"small\",\"grid_small\":\"\",\"grid_large\":\"\",\"grid_xlarge\":\"\",\"filter_margin\":\"\",\"filter_gutter\":\"\",\"title_display\":\"\",\"content_display\":\"\",\"item_maxwidth\":\"\",\"overlay_padding\":\"\",\"overlay_margin\":\"\",\"overlay_maxwidth\":\"\",\"image_transition\":\"\",\"image_box_shadow\":\"\",\"image_hover_box_shadow\":\"\",\"image_box_decoration\":\"\",\"title_transition\":\"\",\"title_style\":\"\",\"title_decoration\":\"\",\"title_color\":\"\",\"title_margin\":\"\",\"meta_transition\":\"\",\"meta_color\":\"\",\"meta_margin\":\"\",\"content_transition\":\"\",\"content_style\":\"\",\"content_margin\":\"\",\"link_type\":\"\",\"link_transition\":\"\",\"link_size\":\"\",\"link_margin\":\"\",\"position\":\"\",\"position_z_index\":\"\",\"maxwidth\":\"xlarge\",\"maxwidth_breakpoint\":\"\",\"text_align_breakpoint\":\"\",\"text_align_fallback\":\"\",\"visibility\":\"\",\"margin_remove_bottom\":false,\"block_align\":\"center\",\"block_align_breakpoint\":\"m\",\"block_align_fallback\":\"center\",\"image_width\":\"190\",\"title_font_family\":\"\"},\"children\":[{\"type\":\"gallery_item\",\"props\":{\"text_color\":\"\",\"image\":\"wp-content\\\/uploads\\\/man_1.jpg\"}},{\"type\":\"gallery_item\",\"props\":{\"text_color\":\"\",\"image\":\"wp-content\\\/uploads\\\/man_2.jpg\"}},{\"type\":\"gallery_item\",\"props\":{\"text_color\":\"\",\"image\":\"wp-content\\\/uploads\\\/man_3.jpg\"}}]},{\"type\":\"button\",\"props\":{\"gutter\":\"small\",\"margin\":\"medium\",\"button_size\":\"\",\"position\":\"\",\"position_z_index\":\"\",\"maxwidth\":\"xlarge\",\"maxwidth_breakpoint\":\"\",\"text_align\":\"center\",\"text_align_breakpoint\":\"m\",\"text_align_fallback\":\"center\",\"animation\":\"\",\"visibility\":\"\",\"block_align\":\"center\",\"block_align_breakpoint\":\"\",\"block_align_fallback\":\"\",\"margin_remove_bottom\":false},\"children\":[{\"type\":\"button_item\",\"props\":{\"button_style\":\"default\",\"icon_align\":\"left\",\"link_target\":\"\",\"content\":\"Hinnasto & ajanvaraus\",\"link\":\"index.php?page_id=23\"}}]}]}]}],\"name\":\"Esittely\"},{\"type\":\"section\",\"props\":{\"style\":\"default\",\"width\":\"default\",\"vertical_align\":\"middle\",\"title_position\":\"top-left\",\"title_rotation\":\"left\",\"title_breakpoint\":\"xl\",\"image_position\":\"center-center\",\"text_color\":\"\",\"width_expand\":\"\",\"height\":\"\",\"padding\":\"\",\"header_transparent\":\"\",\"animation\":\"\"},\"children\":[{\"type\":\"row\",\"props\":{\"layout\":\",\",\"breakpoint\":\"s\",\"fixed_width\":\"large\",\"gutter\":\"\",\"width\":\"\",\"width_expand\":\"\",\"height\":\"\",\"margin\":\"\"},\"children\":[{\"type\":\"column\",\"props\":{\"widths\":[\"\"],\"image_position\":\"center-center\",\"media_overlay_gradient\":\"\",\"vertical_align\":\"\",\"style\":\"\",\"text_color\":\"\",\"padding\":\"\"},\"children\":[{\"type\":\"image\",\"props\":{\"margin\":\"default\",\"image_svg_color\":\"emphasis\",\"link_target\":\"\",\"image_border\":\"\",\"image_box_shadow\":\"\",\"image_hover_box_shadow\":\"\",\"image_box_decoration\":\"\",\"position\":\"\",\"position_z_index\":\"\",\"maxwidth\":\"\",\"maxwidth_breakpoint\":\"\",\"block_align\":\"\",\"block_align_breakpoint\":\"\",\"block_align_fallback\":\"\",\"text_align\":\"\",\"text_align_breakpoint\":\"\",\"text_align_fallback\":\"\",\"animation\":\"\",\"visibility\":\"\",\"image\":\"wp-content\\\/uploads\\\/lahjakortti.png\",\"image_height\":\"350\"}}]},{\"type\":\"column\",\"props\":{\"widths\":[\"\"],\"image_position\":\"center-center\",\"media_overlay_gradient\":\"\",\"vertical_align\":\"\",\"style\":\"\",\"text_color\":\"\",\"padding\":\"\"},\"children\":[{\"type\":\"headline\",\"props\":{\"title_element\":\"h2\",\"title_style\":\"heading-small\",\"title_decoration\":\"\",\"title_font_family\":\"\",\"title_color\":\"\",\"position\":\"\",\"position_z_index\":\"\",\"margin\":\"\",\"maxwidth\":\"\",\"maxwidth_breakpoint\":\"\",\"block_align\":\"\",\"block_align_breakpoint\":\"\",\"block_align_fallback\":\"\",\"text_align\":\"\",\"text_align_breakpoint\":\"\",\"text_align_fallback\":\"\",\"animation\":\"\",\"visibility\":\"\",\"content\":\"Lahjakortit\"}},{\"type\":\"text\",\"props\":{\"margin\":\"default\",\"column_breakpoint\":\"m\",\"text_style\":\"\",\"text_color\":\"\",\"text_size\":\"\",\"column\":\"\",\"position\":\"\",\"position_z_index\":\"\",\"maxwidth\":\"\",\"maxwidth_breakpoint\":\"\",\"block_align\":\"\",\"block_align_breakpoint\":\"\",\"block_align_fallback\":\"\",\"text_align\":\"\",\"text_align_breakpoint\":\"\",\"text_align_fallback\":\"\",\"animation\":\"\",\"visibility\":\"\",\"content\":\"\n\n<p>T\\u00e4m\\u00e4 lahjakortti sopii kaikille, joista sin\\u00e4 v\\u00e4lit\\u00e4t!<\\\/p>\\n\n\n<p>Sin\\u00e4 p\\u00e4\\u00e4t\\u00e4t lahjan sis\\u00e4ll\\u00f6st\\u00e4 ja min\\u00e4 huolehdin tyytyv\\u00e4isyydest\\u00e4. Ajanvaraukset voi tehd\\u00e4 yll\\u00e4tyksen\\u00e4 ennakkoon lahjakortin oston yhteydess\\u00e4 tai lahjakortin saaja voi sopia ajan my\\u00f6hemmin.<\\\/p>\\n\n\n<p>Lahjakortit ovat voimassa vuoden myyntip\\u00e4iv\\u00e4st\\u00e4.<\\\/p>\"}}]}]}],\"name\":\"Lahjakortti\"}],\"version\":\"1.21.5\",\"props\":[]} --><\/p>\n","protected":false},"excerpt":{"rendered":"<p>Monipuoliset palvelut urheilun tukemiseen Raumalla ja l\u00e4hialueilla Palveluni Monipuolista ja yksil\u00f6llist\u00e4 kehonhoitoa Klassinen hieronta Urheiluhieronta Nivelmobilisointi Venytykset Urheiluhieroja Sami Isoheiko Koulutettuna hierojana minulla on paras tiet\u00e4mys kehosi mahdollisista ongelmatilanteista. Pyrin saamaan kehosi normaaliin tilaan hieronnan, nivelten mobilisoinnin ja venyttelyn avulla. Otan jokaisen vastaan yksil\u00f6n\u00e4 ja kartoitan kehonhuoltosi tarpeet huolella ja laadukkaasti. Vastaanottoni sijaitsee P\u00e4iv\u00e4senkadulla Raumalla, [&hellip;]<\/p>\n","protected":false},"author":1,"featured_media":0,"parent":0,"menu_order":1,"comment_status":"closed","ping_status":"closed","template":"","meta":[],"_links":{"self":[{"href":"https:\/\/www.urheiluhierojasami.fi\/index.php?rest_route=\/wp\/v2\/pages\/18"}],"collection":[{"href":"https:\/\/www.urheiluhierojasami.fi\/index.php?rest_route=\/wp\/v2\/pages"}],"about":[{"href":"https:\/\/www.urheiluhierojasami.fi\/index.php?rest_route=\/wp\/v2\/types\/page"}],"author":[{"embeddable":true,"href":"https:\/\/www.urheiluhierojasami.fi\/index.php?rest_route=\/wp\/v2\/users\/1"}],"replies":[{"embeddable":true,"href":"https:\/\/www.urheiluhierojasami.fi\/index.php?rest_route=%2Fwp%2Fv2%2Fcomments&post=18"}],"version-history":[{"count":46,"href":"https:\/\/www.urheiluhierojasami.fi\/index.php?rest_route=\/wp\/v2\/pages\/18\/revisions"}],"predecessor-version":[{"id":276,"href":"https:\/\/www.urheiluhierojasami.fi\/index.php?rest_route=\/wp\/v2\/pages\/18\/revisions\/276"}],"wp:attachment":[{"href":"https:\/\/www.urheiluhierojasami.fi\/index.php?rest_route=%2Fwp%2Fv2%2Fmedia&parent=18"}],"curies":[{"name":"wp","href":"https:\/\/api.w.org\/{rel}","templated":true}]}}